{"id":665,"date":"2024-04-16T08:48:31","date_gmt":"2024-04-16T06:48:31","guid":{"rendered":"https:\/\/www.moneyboard.hu\/?post_type=product&#038;p=665"},"modified":"2024-12-14T17:15:39","modified_gmt":"2024-12-14T16:15:39","slug":"money-board-neon","status":"publish","type":"product","link":"https:\/\/www.moneyboard.hu\/en\/product\/money-board-neon\/","title":{"rendered":"Money Board Neon"},"content":{"rendered":"","protected":false},"excerpt":{"rendered":"<p><span class=\"x4k7w5x x1h91t0o x1h9r5lt x1jfb8zj xv2umb2 x1beo9mf xaigb6o x12ejxvf x3igimt xarpa2k xedcshv x1lytzrv x1t2pt76 x7ja8zs x1qrby5j\"><span class=\"x193iq5w xeuugli x13faqbe x1vvkbs x1xmvt09 x1lliihq x1s928wv xhkezso x1gmr53x x1cpjm7i x1fgarty x1943h6x xudqn12 x3x7a5m x6prxxf xvq8zen xo1l8bm xzsf02u\" dir=\"auto\">If you take me in your hand, believe me, the WHAOOO effect is guaranteed! Your guests will think I'm shining in your hand and they'll love the experience while the foil technique is being applied to their hair. I'm thicker than my basic companions, so if you like sturdier, more distinctive tools, I'll be your friend and a noticeable phenomenon in your salon. I'm primarily recommended for foiling techniques because I beautifully hold the comb at the roots, but feel free to use me for other foil techniques whenever I come to mind. <\/span><\/span><\/p>\n<p><span class=\"x4k7w5x x1h91t0o x1h9r5lt x1jfb8zj xv2umb2 x1beo9mf xaigb6o x12ejxvf x3igimt xarpa2k xedcshv x1lytzrv x1t2pt76 x7ja8zs x1qrby5j\"><span class=\"x193iq5w xeuugli x13faqbe x1vvkbs x1xmvt09 x1lliihq x1s928wv xhkezso x1gmr53x x1cpjm7i x1fgarty x1943h6x xudqn12 x3x7a5m x6prxxf xvq8zen xo1l8bm xzsf02u\" dir=\"auto\">My thickness is 3mm. I'm only available in a 40 cm size because according to my creators, this is the most comfortable and commonly used size. <\/span><\/span><\/p>\n<p><span class=\"x4k7w5x x1h91t0o x1h9r5lt x1jfb8zj xv2umb2 x1beo9mf xaigb6o x12ejxvf x3igimt xarpa2k xedcshv x1lytzrv x1t2pt76 x7ja8zs x1qrby5j\"><span class=\"x193iq5w xeuugli x13faqbe x1vvkbs x1xmvt09 x1lliihq x1s928wv xhkezso x1gmr53x x1cpjm7i x1fgarty x1943h6x xudqn12 x3x7a5m x6prxxf xvq8zen xo1l8bm xzsf02u\" dir=\"auto\">My cells are made of certified PMMA. <\/span><\/span><\/p>\n<p><span class=\"x4k7w5x x1h91t0o x1h9r5lt x1jfb8zj xv2umb2 x1beo9mf xaigb6o x12ejxvf x3igimt xarpa2k xedcshv x1lytzrv x1t2pt76 x7ja8zs x1qrby5j\"><span class=\"x193iq5w xeuugli x13faqbe x1vvkbs x1xmvt09 x1lliihq x1s928wv xhkezso x1gmr53x x1cpjm7i x1fgarty x1943h6x xudqn12 x3x7a5m x6prxxf xvq8zen xo1l8bm xzsf02u\" dir=\"auto\">My surface is not scratch-resistant, I'm 70% light-transmissive, and weigh 162 g. <\/span><\/span><\/p>\n<p><span class=\"x4k7w5x x1h91t0o x1h9r5lt x1jfb8zj xv2umb2 x1beo9mf xaigb6o x12ejxvf x3igimt xarpa2k xedcshv x1lytzrv x1t2pt76 x7ja8zs x1qrby5j\"><span class=\"x193iq5w xeuugli x13faqbe x1vvkbs x1xmvt09 x1lliihq x1s928wv xhkezso x1gmr53x x1cpjm7i x1fgarty x1943h6x xudqn12 x3x7a5m x6prxxf xvq8zen xo1l8bm xzsf02u\" dir=\"auto\">Those who have already tried me said the following: <\/span><\/span><\/p>\n<ul>\n<li><span class=\"x4k7w5x x1h91t0o x1h9r5lt x1jfb8zj xv2umb2 x1beo9mf xaigb6o x12ejxvf x3igimt xarpa2k xedcshv x1lytzrv x1t2pt76 x7ja8zs x1qrby5j\"><span class=\"x193iq5w xeuugli x13faqbe x1vvkbs x1xmvt09 x1lliihq x1s928wv xhkezso x1gmr53x x1cpjm7i x1fgarty x1943h6x xudqn12 x3x7a5m x6prxxf xvq8zen xo1l8bm xzsf02u\" dir=\"auto\">\"I love it, it's a game-changer in a professional's life! It can be worked with precisely! Its size is suitable, not heavy, and guests admire its neon color!\"<span class=\"x3nfvp2 x1j61x8r x1fcty0u xdj266r xhhsvwb xat24cr xgzva0m xxymvpz xlup9mm x1kky2od\"><img decoding=\"async\" class=\"xz74otr\" src=\"https:\/\/static.xx.fbcdn.net\/images\/emoji.php\/v9\/t2\/1\/16\/1f60d.png\" alt=\"\ud83d\ude0d\" width=\"16\" height=\"16\" \/><\/span> Szil\u00e1rd <\/span><\/span><\/li>\n<li><span class=\"x4k7w5x x1h91t0o x1h9r5lt x1jfb8zj xv2umb2 x1beo9mf xaigb6o x12ejxvf x3igimt xarpa2k xedcshv x1lytzrv x1t2pt76 x7ja8zs x1qrby5j\"><span class=\"x193iq5w xeuugli x13faqbe x1vvkbs x1xmvt09 x1lliihq x1s928wv xhkezso x1gmr53x x1cpjm7i x1fgarty x1943h6x xudqn12 x3x7a5m x6prxxf xvq8zen xo1l8bm xzsf02u\" dir=\"auto\">\"With the Money Board, I can distribute the bleach in the foil faster and easier. This allows me to work more efficiently and precisely. Not only me but my guests also love the neon green color of the board.\"<span class=\"x3nfvp2 x1j61x8r x1fcty0u xdj266r xhhsvwb xat24cr xgzva0m xxymvpz xlup9mm x1kky2od\"><img decoding=\"async\" class=\"xz74otr\" src=\"https:\/\/static.xx.fbcdn.net\/images\/emoji.php\/v9\/t94\/1\/16\/1f49a.png\" alt=\"\ud83d\udc9a\" width=\"16\" height=\"16\" \/><\/span> Zsanett <\/span><\/span><\/li>\n<li><span class=\"x4k7w5x x1h91t0o x1h9r5lt x1jfb8zj xv2umb2 x1beo9mf xaigb6o x12ejxvf x3igimt xarpa2k xedcshv x1lytzrv x1t2pt76 x7ja8zs x1qrby5j\"><span class=\"x193iq5w xeuugli x13faqbe x1vvkbs x1xmvt09 x1lliihq x1s928wv xhkezso x1gmr53x x1cpjm7i x1fgarty x1943h6x xudqn12 x3x7a5m x6prxxf xvq8zen xo1l8bm xzsf02u\" dir=\"auto\">\"It provided very good support under the foil, I could use the material stably and confidently throughout the entire length of the hair.\"<span class=\"x3nfvp2 x1j61x8r x1fcty0u xdj266r xhhsvwb xat24cr xgzva0m xxymvpz xlup9mm x1kky2od\"><img decoding=\"async\" class=\"xz74otr\" src=\"https:\/\/static.xx.fbcdn.net\/images\/emoji.php\/v9\/t6c\/1\/16\/2764.png\" alt=\"\u2764\ufe0f\" width=\"16\" height=\"16\" \/> B\u00e1lint<br \/>\n<\/span><\/span><\/span><\/li>\n<\/ul>","protected":false},"featured_media":666,"template":"","meta":{"om_disable_all_campaigns":false,"_monsterinsights_skip_tracking":false,"_monsterinsights_sitenote_active":false,"_monsterinsights_sitenote_note":"","_monsterinsights_sitenote_category":0,"_uf_show_specific_survey":0,"_uf_disable_surveys":false,"site-sidebar-layout":"default","site-content-layout":"default","ast-site-content-layout":"default","site-content-style":"default","site-sidebar-style":"default","ast-global-header-display":"","ast-banner-title-visibility":"","ast-main-header-display":"","ast-hfb-above-header-display":"","ast-hfb-below-header-display":"","ast-hfb-mobile-header-display":"","site-post-title":"","ast-breadcrumbs-content":"","ast-featured-img":"","footer-sml-layout":"","ast-disable-related-posts":"","theme-transparent-header-meta":"default","adv-header-id-meta":"","stick-header-meta":"","header-above-stick-meta":"","header-main-stick-meta":"","header-below-stick-meta":"","astra-migrate-meta-layouts":"set","ast-page-background-enabled":"default","ast-page-background-meta":{"desktop":{"background-color":"var(--ast-global-color-4)","background-image":"","background-repeat":"repeat","background-position":"center center","background-size":"auto","background-attachment":"scroll","background-type":"","background-media":"","overlay-type":"","overlay-color":"","overlay-opacity":"","overlay-gradient":""},"tablet":{"background-color":"","background-image":"","background-repeat":"repeat","background-position":"center center","background-size":"auto","background-attachment":"scroll","background-type":"","background-media":"","overlay-type":"","overlay-color":"","overlay-opacity":"","overlay-gradient":""},"mobile":{"background-color":"","background-image":"","background-repeat":"repeat","background-position":"center center","background-size":"auto","background-attachment":"scroll","background-type":"","background-media":"","overlay-type":"","overlay-color":"","overlay-opacity":"","overlay-gradient":""}},"ast-content-background-meta":{"desktop":{"background-color":"var(--ast-global-color-5)","background-image":"","background-repeat":"repeat","background-position":"center center","background-size":"auto","background-attachment":"scroll","background-type":"","background-media":"","overlay-type":"","overlay-color":"","overlay-opacity":"","overlay-gradient":""},"tablet":{"background-color":"var(--ast-global-color-5)","background-image":"","background-repeat":"repeat","background-position":"center center","background-size":"auto","background-attachment":"scroll","background-type":"","background-media":"","overlay-type":"","overlay-color":"","overlay-opacity":"","overlay-gradient":""},"mobile":{"background-color":"var(--ast-global-color-5)","background-image":"","background-repeat":"repeat","background-position":"center center","background-size":"auto","background-attachment":"scroll","background-type":"","background-media":"","overlay-type":"","overlay-color":"","overlay-opacity":"","overlay-gradient":""}}},"product_brand":[],"product_cat":[22],"product_tag":[],"class_list":{"0":"post-665","1":"product","2":"type-product","3":"status-publish","4":"has-post-thumbnail","6":"product_cat-kozephosszu-haj","7":"desktop-align-center","8":"tablet-align-left","9":"mobile-align-left","11":"first","12":"instock","13":"taxable","14":"shipping-taxable","15":"purchasable","16":"product-type-variable"},"yoast_head":"<!-- This site is optimized with the Yoast SEO plugin v27.4 - https:\/\/yoast.com\/product\/yoast-seo-wordpress\/ -->\n<title>Money Board Neon - moneyboard<\/title>\n<meta name=\"robots\" content=\"index, follow, max-snippet:-1, max-image-preview:large, max-video-preview:-1\" \/>\n<link rel=\"canonical\" href=\"https:\/\/www.moneyboard.hu\/en\/product\/money-board-neon\/\" \/>\n<meta property=\"og:locale\" content=\"en_GB\" \/>\n<meta property=\"og:type\" content=\"article\" \/>\n<meta property=\"og:title\" content=\"Money Board Neon - moneyboard\" \/>\n<meta property=\"og:description\" content=\"Ha engem veszel k\u00e9zbe hidd el garant\u00e1lt lesz a WHAOOO hat\u00e1s! A vend\u00e9geid azt fogj\u00e1k hinni vil\u00e1g\u00edtok a kezedben \u00e9s mind im\u00e1dni fogj\u00e1k az \u00e9lm\u00e9nyt am\u00edg k\u00e9sz\u00fcl a f\u00f3li\u00e1s technika a hajukon. Vastagabb vagyok basic t\u00e1rsaimn\u00e1l \u00edgy ha szereted a merevebb mark\u00e1nsabb eszk\u00f6z\u00f6ket \u00e9n leszek a bar\u00e1tod \u00e9s egyben felt\u0171n\u0151 jelens\u00e9ged is a szalonodban. Els\u0151sorban tupiros technik\u00e1khoz aj\u00e1nlanak mert gy\u00f6ny\u00f6r\u0171en megtartom a f\u00e9s\u0171det a hajt\u0151n\u00e9l de haszn\u00e1lj b\u00e1tran m\u00e1s f\u00f3li\u00e1s technik\u00e1khoz is amikor csak eszedbe jutok.   Vastags\u00e1gom: 3mm Csak 40 cm es m\u00e9retben vagyok el\u00e9rhet\u0151 mert alkot\u00f3im szerint ez a legk\u00e9nyelmesebb \u00e9s legt\u00f6bbet haszn\u00e1lt m\u00e9ret   Sejtjeim: min\u0151s\u00edtett PMMA   Fel\u00fcletem nem karcmentes 70%ban f\u00e9ny\u00e1tereszt\u0151 vagyok 162 g   Akik m\u00e1r kipr\u00f3b\u00e1ltak a k\u00f6vetkez\u0151ket mondt\u00e1k r\u00f3lam:    Nagyon szeretem, egy megv\u00e1lt\u00e1s a szakember \u00e9let\u00e8ben! Prec\u00edzen lehet vele dolgozni! Megfelel\u0151 a nagys\u00e1ga, nem neh\u00e9z, a vend\u00e9gek csod\u00e1lj\u00e1k a neon sz\u00edn\u00e9t! Szil\u00e1rd   A Money Board seg\u00edts\u00e9g\u00e9vel gyorsabban,\u00e9s k\u00f6nnyebben tudom eloszlatni a sz\u0151k\u00edt\u0151t a f\u00f3li\u00e1ban. Ez\u00e1ltal hat\u00e9konyabban, \u00e9s prec\u00edzebben tudok dolgozni. A neon z\u00f6ld board sz\u00edn\u00e9t pedig nemcsak \u00e9n, de a vend\u00e9geim is im\u00e1dj\u00e1k. Zsanett   Nagyon j\u00f3 t\u00e1maszt\u00e9kot adott a f\u00f3lia al\u00e1, stabil \u00e9s magabiztosan tudtam az anyagot haszn\u00e1lni a haj teljes hossz\u00e1n. B\u00e1lint\" \/>\n<meta property=\"og:url\" content=\"https:\/\/www.moneyboard.hu\/en\/product\/money-board-neon\/\" \/>\n<meta property=\"og:site_name\" content=\"moneyboard\" \/>\n<meta property=\"article:modified_time\" content=\"2024-12-14T16:15:39+00:00\" \/>\n<meta property=\"og:image\" content=\"https:\/\/www.moneyboard.hu\/wp-content\/uploads\/2024\/04\/20231111-MONEYBOARD-19-scaled.jpg\" \/>\n\t<meta property=\"og:image:width\" content=\"1707\" \/>\n\t<meta property=\"og:image:height\" content=\"2560\" \/>\n\t<meta property=\"og:image:type\" content=\"image\/jpeg\" \/>\n<meta name=\"twitter:card\" content=\"summary_large_image\" \/>\n<meta name=\"twitter:label1\" content=\"Estimated reading time\" \/>\n\t<meta name=\"twitter:data1\" content=\"1 minute\" \/>\n<script type=\"application\/ld+json\" class=\"yoast-schema-graph\">{\"@context\":\"https:\\\/\\\/schema.org\",\"@graph\":[{\"@type\":\"WebPage\",\"@id\":\"https:\\\/\\\/www.moneyboard.hu\\\/termek\\\/money-board-neon\\\/\",\"url\":\"https:\\\/\\\/www.moneyboard.hu\\\/termek\\\/money-board-neon\\\/\",\"name\":\"Money Board Neon - moneyboard\",\"isPartOf\":{\"@id\":\"https:\\\/\\\/www.moneyboard.hu\\\/#website\"},\"primaryImageOfPage\":{\"@id\":\"https:\\\/\\\/www.moneyboard.hu\\\/termek\\\/money-board-neon\\\/#primaryimage\"},\"image\":{\"@id\":\"https:\\\/\\\/www.moneyboard.hu\\\/termek\\\/money-board-neon\\\/#primaryimage\"},\"thumbnailUrl\":\"https:\\\/\\\/www.moneyboard.hu\\\/wp-content\\\/uploads\\\/2024\\\/04\\\/20231111-MONEYBOARD-19-scaled.jpg\",\"datePublished\":\"2024-04-16T06:48:31+00:00\",\"dateModified\":\"2024-12-14T16:15:39+00:00\",\"breadcrumb\":{\"@id\":\"https:\\\/\\\/www.moneyboard.hu\\\/termek\\\/money-board-neon\\\/#breadcrumb\"},\"inLanguage\":\"en-GB\",\"potentialAction\":[{\"@type\":\"ReadAction\",\"target\":[\"https:\\\/\\\/www.moneyboard.hu\\\/termek\\\/money-board-neon\\\/\"]}]},{\"@type\":\"ImageObject\",\"inLanguage\":\"en-GB\",\"@id\":\"https:\\\/\\\/www.moneyboard.hu\\\/termek\\\/money-board-neon\\\/#primaryimage\",\"url\":\"https:\\\/\\\/www.moneyboard.hu\\\/wp-content\\\/uploads\\\/2024\\\/04\\\/20231111-MONEYBOARD-19-scaled.jpg\",\"contentUrl\":\"https:\\\/\\\/www.moneyboard.hu\\\/wp-content\\\/uploads\\\/2024\\\/04\\\/20231111-MONEYBOARD-19-scaled.jpg\",\"width\":1707,\"height\":2560},{\"@type\":\"BreadcrumbList\",\"@id\":\"https:\\\/\\\/www.moneyboard.hu\\\/termek\\\/money-board-neon\\\/#breadcrumb\",\"itemListElement\":[{\"@type\":\"ListItem\",\"position\":1,\"name\":\"Kezd\u0151lap\",\"item\":\"https:\\\/\\\/www.moneyboard.hu\\\/\"},{\"@type\":\"ListItem\",\"position\":2,\"name\":\"Term\u00e9keink\",\"item\":\"https:\\\/\\\/www.moneyboard.hu\\\/termekeink\\\/\"},{\"@type\":\"ListItem\",\"position\":3,\"name\":\"Money Board Neon\"}]},{\"@type\":\"WebSite\",\"@id\":\"https:\\\/\\\/www.moneyboard.hu\\\/#website\",\"url\":\"https:\\\/\\\/www.moneyboard.hu\\\/\",\"name\":\"moneyboard\",\"description\":\"MoneyBoard mel\u00edrt\u00e1bla\",\"publisher\":{\"@id\":\"https:\\\/\\\/www.moneyboard.hu\\\/#organization\"},\"potentialAction\":[{\"@type\":\"SearchAction\",\"target\":{\"@type\":\"EntryPoint\",\"urlTemplate\":\"https:\\\/\\\/www.moneyboard.hu\\\/?s={search_term_string}\"},\"query-input\":{\"@type\":\"PropertyValueSpecification\",\"valueRequired\":true,\"valueName\":\"search_term_string\"}}],\"inLanguage\":\"en-GB\"},{\"@type\":\"Organization\",\"@id\":\"https:\\\/\\\/www.moneyboard.hu\\\/#organization\",\"name\":\"moneyboard\",\"url\":\"https:\\\/\\\/www.moneyboard.hu\\\/\",\"logo\":{\"@type\":\"ImageObject\",\"inLanguage\":\"en-GB\",\"@id\":\"https:\\\/\\\/www.moneyboard.hu\\\/#\\\/schema\\\/logo\\\/image\\\/\",\"url\":\"https:\\\/\\\/www.moneyboard.hu\\\/wp-content\\\/uploads\\\/2023\\\/07\\\/logo-1685574156.png\",\"contentUrl\":\"https:\\\/\\\/www.moneyboard.hu\\\/wp-content\\\/uploads\\\/2023\\\/07\\\/logo-1685574156.png\",\"width\":330,\"height\":100,\"caption\":\"moneyboard\"},\"image\":{\"@id\":\"https:\\\/\\\/www.moneyboard.hu\\\/#\\\/schema\\\/logo\\\/image\\\/\"}}]}<\/script>\n<!-- \/ Yoast SEO plugin. -->","yoast_head_json":{"title":"Money Board Neon - moneyboard","robots":{"index":"index","follow":"follow","max-snippet":"max-snippet:-1","max-image-preview":"max-image-preview:large","max-video-preview":"max-video-preview:-1"},"canonical":"https:\/\/www.moneyboard.hu\/en\/product\/money-board-neon\/","og_locale":"en_GB","og_type":"article","og_title":"Money Board Neon - moneyboard","og_description":"Ha engem veszel k\u00e9zbe hidd el garant\u00e1lt lesz a WHAOOO hat\u00e1s! A vend\u00e9geid azt fogj\u00e1k hinni vil\u00e1g\u00edtok a kezedben \u00e9s mind im\u00e1dni fogj\u00e1k az \u00e9lm\u00e9nyt am\u00edg k\u00e9sz\u00fcl a f\u00f3li\u00e1s technika a hajukon. Vastagabb vagyok basic t\u00e1rsaimn\u00e1l \u00edgy ha szereted a merevebb mark\u00e1nsabb eszk\u00f6z\u00f6ket \u00e9n leszek a bar\u00e1tod \u00e9s egyben felt\u0171n\u0151 jelens\u00e9ged is a szalonodban. Els\u0151sorban tupiros technik\u00e1khoz aj\u00e1nlanak mert gy\u00f6ny\u00f6r\u0171en megtartom a f\u00e9s\u0171det a hajt\u0151n\u00e9l de haszn\u00e1lj b\u00e1tran m\u00e1s f\u00f3li\u00e1s technik\u00e1khoz is amikor csak eszedbe jutok.   Vastags\u00e1gom: 3mm Csak 40 cm es m\u00e9retben vagyok el\u00e9rhet\u0151 mert alkot\u00f3im szerint ez a legk\u00e9nyelmesebb \u00e9s legt\u00f6bbet haszn\u00e1lt m\u00e9ret   Sejtjeim: min\u0151s\u00edtett PMMA   Fel\u00fcletem nem karcmentes 70%ban f\u00e9ny\u00e1tereszt\u0151 vagyok 162 g   Akik m\u00e1r kipr\u00f3b\u00e1ltak a k\u00f6vetkez\u0151ket mondt\u00e1k r\u00f3lam:    Nagyon szeretem, egy megv\u00e1lt\u00e1s a szakember \u00e9let\u00e8ben! Prec\u00edzen lehet vele dolgozni! Megfelel\u0151 a nagys\u00e1ga, nem neh\u00e9z, a vend\u00e9gek csod\u00e1lj\u00e1k a neon sz\u00edn\u00e9t! Szil\u00e1rd   A Money Board seg\u00edts\u00e9g\u00e9vel gyorsabban,\u00e9s k\u00f6nnyebben tudom eloszlatni a sz\u0151k\u00edt\u0151t a f\u00f3li\u00e1ban. Ez\u00e1ltal hat\u00e9konyabban, \u00e9s prec\u00edzebben tudok dolgozni. A neon z\u00f6ld board sz\u00edn\u00e9t pedig nemcsak \u00e9n, de a vend\u00e9geim is im\u00e1dj\u00e1k. Zsanett   Nagyon j\u00f3 t\u00e1maszt\u00e9kot adott a f\u00f3lia al\u00e1, stabil \u00e9s magabiztosan tudtam az anyagot haszn\u00e1lni a haj teljes hossz\u00e1n. B\u00e1lint","og_url":"https:\/\/www.moneyboard.hu\/en\/product\/money-board-neon\/","og_site_name":"moneyboard","article_modified_time":"2024-12-14T16:15:39+00:00","og_image":[{"width":1707,"height":2560,"url":"https:\/\/www.moneyboard.hu\/wp-content\/uploads\/2024\/04\/20231111-MONEYBOARD-19-scaled.jpg","type":"image\/jpeg"}],"twitter_card":"summary_large_image","twitter_misc":{"Estimated reading time":"1 minute"},"schema":{"@context":"https:\/\/schema.org","@graph":[{"@type":"WebPage","@id":"https:\/\/www.moneyboard.hu\/termek\/money-board-neon\/","url":"https:\/\/www.moneyboard.hu\/termek\/money-board-neon\/","name":"Money Board Neon - moneyboard","isPartOf":{"@id":"https:\/\/www.moneyboard.hu\/#website"},"primaryImageOfPage":{"@id":"https:\/\/www.moneyboard.hu\/termek\/money-board-neon\/#primaryimage"},"image":{"@id":"https:\/\/www.moneyboard.hu\/termek\/money-board-neon\/#primaryimage"},"thumbnailUrl":"https:\/\/www.moneyboard.hu\/wp-content\/uploads\/2024\/04\/20231111-MONEYBOARD-19-scaled.jpg","datePublished":"2024-04-16T06:48:31+00:00","dateModified":"2024-12-14T16:15:39+00:00","breadcrumb":{"@id":"https:\/\/www.moneyboard.hu\/termek\/money-board-neon\/#breadcrumb"},"inLanguage":"en-GB","potentialAction":[{"@type":"ReadAction","target":["https:\/\/www.moneyboard.hu\/termek\/money-board-neon\/"]}]},{"@type":"ImageObject","inLanguage":"en-GB","@id":"https:\/\/www.moneyboard.hu\/termek\/money-board-neon\/#primaryimage","url":"https:\/\/www.moneyboard.hu\/wp-content\/uploads\/2024\/04\/20231111-MONEYBOARD-19-scaled.jpg","contentUrl":"https:\/\/www.moneyboard.hu\/wp-content\/uploads\/2024\/04\/20231111-MONEYBOARD-19-scaled.jpg","width":1707,"height":2560},{"@type":"BreadcrumbList","@id":"https:\/\/www.moneyboard.hu\/termek\/money-board-neon\/#breadcrumb","itemListElement":[{"@type":"ListItem","position":1,"name":"Kezd\u0151lap","item":"https:\/\/www.moneyboard.hu\/"},{"@type":"ListItem","position":2,"name":"Term\u00e9keink","item":"https:\/\/www.moneyboard.hu\/termekeink\/"},{"@type":"ListItem","position":3,"name":"Money Board Neon"}]},{"@type":"WebSite","@id":"https:\/\/www.moneyboard.hu\/#website","url":"https:\/\/www.moneyboard.hu\/","name":"moneyboard","description":"MoneyBoard mel\u00edrt\u00e1bla","publisher":{"@id":"https:\/\/www.moneyboard.hu\/#organization"},"potentialAction":[{"@type":"SearchAction","target":{"@type":"EntryPoint","urlTemplate":"https:\/\/www.moneyboard.hu\/?s={search_term_string}"},"query-input":{"@type":"PropertyValueSpecification","valueRequired":true,"valueName":"search_term_string"}}],"inLanguage":"en-GB"},{"@type":"Organization","@id":"https:\/\/www.moneyboard.hu\/#organization","name":"moneyboard","url":"https:\/\/www.moneyboard.hu\/","logo":{"@type":"ImageObject","inLanguage":"en-GB","@id":"https:\/\/www.moneyboard.hu\/#\/schema\/logo\/image\/","url":"https:\/\/www.moneyboard.hu\/wp-content\/uploads\/2023\/07\/logo-1685574156.png","contentUrl":"https:\/\/www.moneyboard.hu\/wp-content\/uploads\/2023\/07\/logo-1685574156.png","width":330,"height":100,"caption":"moneyboard"},"image":{"@id":"https:\/\/www.moneyboard.hu\/#\/schema\/logo\/image\/"}}]}},"_links":{"self":[{"href":"https:\/\/www.moneyboard.hu\/en\/wp-json\/wp\/v2\/product\/665","targetHints":{"allow":["GET"]}}],"collection":[{"href":"https:\/\/www.moneyboard.hu\/en\/wp-json\/wp\/v2\/product"}],"about":[{"href":"https:\/\/www.moneyboard.hu\/en\/wp-json\/wp\/v2\/types\/product"}],"wp:featuredmedia":[{"embeddable":true,"href":"https:\/\/www.moneyboard.hu\/en\/wp-json\/wp\/v2\/media\/666"}],"wp:attachment":[{"href":"https:\/\/www.moneyboard.hu\/en\/wp-json\/wp\/v2\/media?parent=665"}],"wp:term":[{"taxonomy":"product_brand","embeddable":true,"href":"https:\/\/www.moneyboard.hu\/en\/wp-json\/wp\/v2\/product_brand?post=665"},{"taxonomy":"product_cat","embeddable":true,"href":"https:\/\/www.moneyboard.hu\/en\/wp-json\/wp\/v2\/product_cat?post=665"},{"taxonomy":"product_tag","embeddable":true,"href":"https:\/\/www.moneyboard.hu\/en\/wp-json\/wp\/v2\/product_tag?post=665"}],"curies":[{"name":"wp","href":"https:\/\/api.w.org\/{rel}","templated":true}]}}