{"id":129,"date":"2023-07-26T19:15:12","date_gmt":"2023-07-26T17:15:12","guid":{"rendered":"https:\/\/www.moneyboard.hu\/?post_type=product&#038;p=129"},"modified":"2023-07-31T15:09:23","modified_gmt":"2023-07-31T13:09:23","slug":"money-board-tabla-feher-40-cm","status":"publish","type":"product","link":"https:\/\/www.moneyboard.hu\/en\/product\/money-board-tabla-feher-40-cm\/","title":{"rendered":"Money Board white 40 cm"},"content":{"rendered":"<p>The edges of the boards can sometimes be sharp for people with sensitive skin!<\/p>\n<p>- Protect your product from scratches<\/p>\n<p>-Certain household cleaning products can cause damage. For cleaning products, always pay attention to their instructions for use and protect your product from the use of unsuitable cleaning products.<\/p>\n<p>40 - the all-purpose size, you can use it for post-dyeing or when dyeing the entire length of medium-length hair<\/p>\n<p>&nbsp;<\/p>","protected":false},"excerpt":{"rendered":"<p>I have a really neat appearance and even though you might think I'm sensitive, I'm the one you need to worry about the least, my cleanliness is the easiest among my siblings and although my surface is not scratch-proof, the minor damages are hardly visible on me. Wipe me with a soft material - even with a towel after giving me a bath.<\/p>\n<p>Do not use vinegar containing alcohol or vinegar containing acid or any caustic cleaning agent on me. Take care of my logo, I can discolor there if you work with rich colors without foil.<\/p>\n<p>Due to the nature of my surface, I have a greater need for proper cleaning. Although my surface is not scratch-free, I will remain beautiful for a long time if you take care of me. If you want to see it completely free of dirt and smudges, use an antistatic cloth after you bathe. Do not use alcohol-containing vinegar or acetic acid-containing cleaning agents on me. Be careful with my logo, because it can become discolored if you work with richer colors without foil.<\/p>\n<p>- qualified plexiglass (PMMA)<\/p>\n<p>-unsurpassed aging resistance<\/p>\n<p>-its fracture resistance is good<\/p>\n<p>- not scratch-free surface<\/p>\n<p>-0% UV transmittance<\/p>\n<p>-maximum application temperature 70\u00b0C<\/p>\n<p><span class=\"x4k7w5x x1h91t0o x1h9r5lt x1jfb8zj xv2umb2 x1beo9mf xaigb6o x12ejxvf x3igimt xarpa2k xedcshv x1lytzrv x1t2pt76 x7ja8zs x1qrby5j\">- 2 mm thick, 12 cm wide<\/span><\/p>","protected":false},"featured_media":127,"template":"","meta":{"om_disable_all_campaigns":false,"_monsterinsights_skip_tracking":false,"_monsterinsights_sitenote_active":false,"_monsterinsights_sitenote_note":"","_monsterinsights_sitenote_category":0,"_uf_show_specific_survey":0,"_uf_disable_surveys":false,"site-sidebar-layout":"default","site-content-layout":"default","ast-site-content-layout":"default","site-content-style":"default","site-sidebar-style":"default","ast-global-header-display":"","ast-banner-title-visibility":"","ast-main-header-display":"","ast-hfb-above-header-display":"","ast-hfb-below-header-display":"","ast-hfb-mobile-header-display":"","site-post-title":"","ast-breadcrumbs-content":"","ast-featured-img":"","footer-sml-layout":"","ast-disable-related-posts":"","theme-transparent-header-meta":"default","adv-header-id-meta":"","stick-header-meta":"","header-above-stick-meta":"","header-main-stick-meta":"","header-below-stick-meta":"","astra-migrate-meta-layouts":"default","ast-page-background-enabled":"default","ast-page-background-meta":{"desktop":{"background-color":"var(--ast-global-color-4)","background-image":"","background-repeat":"repeat","background-position":"center center","background-size":"auto","background-attachment":"scroll","background-type":"","background-media":"","overlay-type":"","overlay-color":"","overlay-opacity":"","overlay-gradient":""},"tablet":{"background-color":"","background-image":"","background-repeat":"repeat","background-position":"center center","background-size":"auto","background-attachment":"scroll","background-type":"","background-media":"","overlay-type":"","overlay-color":"","overlay-opacity":"","overlay-gradient":""},"mobile":{"background-color":"","background-image":"","background-repeat":"repeat","background-position":"center center","background-size":"auto","background-attachment":"scroll","background-type":"","background-media":"","overlay-type":"","overlay-color":"","overlay-opacity":"","overlay-gradient":""}},"ast-content-background-meta":{"desktop":{"background-color":"var(--ast-global-color-5)","background-image":"","background-repeat":"repeat","background-position":"center center","background-size":"auto","background-attachment":"scroll","background-type":"","background-media":"","overlay-type":"","overlay-color":"","overlay-opacity":"","overlay-gradient":""},"tablet":{"background-color":"var(--ast-global-color-5)","background-image":"","background-repeat":"repeat","background-position":"center center","background-size":"auto","background-attachment":"scroll","background-type":"","background-media":"","overlay-type":"","overlay-color":"","overlay-opacity":"","overlay-gradient":""},"mobile":{"background-color":"var(--ast-global-color-5)","background-image":"","background-repeat":"repeat","background-position":"center center","background-size":"auto","background-attachment":"scroll","background-type":"","background-media":"","overlay-type":"","overlay-color":"","overlay-opacity":"","overlay-gradient":""}}},"product_brand":[],"product_cat":[18,25,22],"product_tag":[],"class_list":{"0":"post-129","1":"product","2":"type-product","3":"status-publish","4":"has-post-thumbnail","6":"product_cat-basic-kollekcio","7":"product_cat-feher","8":"product_cat-kozephosszu-haj","9":"desktop-align-center","10":"tablet-align-left","11":"mobile-align-left","13":"first","14":"instock","15":"taxable","16":"shipping-taxable","17":"purchasable","18":"product-type-simple"},"yoast_head":"<!-- This site is optimized with the Yoast SEO plugin v27.4 - https:\/\/yoast.com\/product\/yoast-seo-wordpress\/ -->\n<title>Money Board feh\u00e9r 40 cm - moneyboard<\/title>\n<meta name=\"robots\" content=\"index, follow, max-snippet:-1, max-image-preview:large, max-video-preview:-1\" \/>\n<link rel=\"canonical\" href=\"https:\/\/www.moneyboard.hu\/en\/product\/money-board-tabla-feher-40-cm\/\" \/>\n<meta property=\"og:locale\" content=\"en_GB\" \/>\n<meta property=\"og:type\" content=\"article\" \/>\n<meta property=\"og:title\" content=\"Money Board feh\u00e9r 40 cm - moneyboard\" \/>\n<meta property=\"og:description\" content=\"Igaz\u00e1n letisztult k\u00fcls\u0151m van \u00e9s b\u00e1r \u00e9rz\u00e9kenynek gondoln\u00e1l \u00e9n vagyok az, akivel legkevesebbet kell t\u00f6r\u0151dj. Tiszt\u00edt\u00e1som a legegyszer\u0171bb a testv\u00e9reim k\u00f6z\u00f6tt \u00e9s b\u00e1r nem karcmentes a fel\u00fcletem az apr\u00f3bb s\u00e9r\u00fcl\u00e9sek alig l\u00e1that\u00f3ak rajtam. Puha anyaggal ak\u00e1r egy t\u00f6r\u00f6lk\u00f6z\u0151vel is \u00e1t t\u00f6r\u00f6lhetsz miut\u00e1n megf\u00fcrdett\u00e9l.  Ne haszn\u00e1lj r\u00e1m alkohol tartalm\u00fa ecet vagy ecetsav tartalm\u00fa, s\u0151t semmilyen mar\u00f3 hat\u00e1s\u00fa tiszt\u00edt\u00f3 szert. A log\u00f3mra vigy\u00e1zz ott elsz\u00ednez\u0151dhetek, ha teltebb sz\u00ednekkel dolgozol f\u00f3lia n\u00e9lk\u00fcl.  Fel\u00fcletem term\u00e9szete miatt nagyobb ig\u00e9nyem van a megfelel\u0151 tiszt\u00edt\u00e1sra. B\u00e1r a fel\u00fcletem nem karcmentes m\u00e9gis sok\u00e1ig sz\u00e9p maradok, ha vigy\u00e1zol r\u00e1m. Ha teljesen szennyez\u0151d\u00e9s \u00e9s maszat mentesen szeretn\u00e9l l\u00e1tni haszn\u00e1lj hozz\u00e1m antisztatikus kend\u0151t miut\u00e1n megf\u00fcrdett\u00e9l. Ne haszn\u00e1lj r\u00e1m alkohol tartalm\u00fa ecet vagy ecetsav tartalm\u00fa, s\u0151t semmilyen mar\u00f3 hat\u00e1s\u00fa tiszt\u00edt\u00f3 szert. A log\u00f3mra vigy\u00e1zz mert elsz\u00ednez\u0151dhet, ha teltebb sz\u00ednekkel dolgozol f\u00f3lia n\u00e9lk\u00fcl.  -min\u0151s\u00edtett plexi (PMMA)  -fel\u00fclm\u00falhatatlan \u00f6reged\u00e9s \u00e1ll\u00f3s\u00e1ggal  -t\u00f6r\u00e9s \u00e1ll\u00f3s\u00e1ga j\u00f3  -nem karcmentes fel\u00fclet  -0% UV f\u00e9ny\u00e1tereszt\u0151  -maxim\u00e1lis alkalmaz\u00e1si h\u0151m\u00e9rs\u00e9klet 70\u00b0C  -2mm vastag, 12 cm sz\u00e9les\" \/>\n<meta property=\"og:url\" content=\"https:\/\/www.moneyboard.hu\/en\/product\/money-board-tabla-feher-40-cm\/\" \/>\n<meta property=\"og:site_name\" content=\"moneyboard\" \/>\n<meta property=\"article:modified_time\" content=\"2023-07-31T13:09:23+00:00\" \/>\n<meta property=\"og:image\" content=\"https:\/\/www.moneyboard.hu\/wp-content\/uploads\/2023\/07\/IMG_8501-731x1024.png\" \/>\n\t<meta property=\"og:image:width\" content=\"731\" \/>\n\t<meta property=\"og:image:height\" content=\"1024\" \/>\n\t<meta property=\"og:image:type\" content=\"image\/png\" \/>\n<meta name=\"twitter:card\" content=\"summary_large_image\" \/>\n<script type=\"application\/ld+json\" class=\"yoast-schema-graph\">{\"@context\":\"https:\\\/\\\/schema.org\",\"@graph\":[{\"@type\":\"WebPage\",\"@id\":\"https:\\\/\\\/www.moneyboard.hu\\\/en\\\/product\\\/money-board-tabla-feher-40-cm\\\/\",\"url\":\"https:\\\/\\\/www.moneyboard.hu\\\/en\\\/product\\\/money-board-tabla-feher-40-cm\\\/\",\"name\":\"Money Board feh\u00e9r 40 cm - moneyboard\",\"isPartOf\":{\"@id\":\"https:\\\/\\\/www.moneyboard.hu\\\/#website\"},\"primaryImageOfPage\":{\"@id\":\"https:\\\/\\\/www.moneyboard.hu\\\/en\\\/product\\\/money-board-tabla-feher-40-cm\\\/#primaryimage\"},\"image\":{\"@id\":\"https:\\\/\\\/www.moneyboard.hu\\\/en\\\/product\\\/money-board-tabla-feher-40-cm\\\/#primaryimage\"},\"thumbnailUrl\":\"https:\\\/\\\/www.moneyboard.hu\\\/wp-content\\\/uploads\\\/2023\\\/07\\\/IMG_8501.png\",\"datePublished\":\"2023-07-26T17:15:12+00:00\",\"dateModified\":\"2023-07-31T13:09:23+00:00\",\"breadcrumb\":{\"@id\":\"https:\\\/\\\/www.moneyboard.hu\\\/en\\\/product\\\/money-board-tabla-feher-40-cm\\\/#breadcrumb\"},\"inLanguage\":\"en-GB\",\"potentialAction\":[{\"@type\":\"ReadAction\",\"target\":[\"https:\\\/\\\/www.moneyboard.hu\\\/en\\\/product\\\/money-board-tabla-feher-40-cm\\\/\"]}]},{\"@type\":\"ImageObject\",\"inLanguage\":\"en-GB\",\"@id\":\"https:\\\/\\\/www.moneyboard.hu\\\/en\\\/product\\\/money-board-tabla-feher-40-cm\\\/#primaryimage\",\"url\":\"https:\\\/\\\/www.moneyboard.hu\\\/wp-content\\\/uploads\\\/2023\\\/07\\\/IMG_8501.png\",\"contentUrl\":\"https:\\\/\\\/www.moneyboard.hu\\\/wp-content\\\/uploads\\\/2023\\\/07\\\/IMG_8501.png\",\"width\":2500,\"height\":3500},{\"@type\":\"BreadcrumbList\",\"@id\":\"https:\\\/\\\/www.moneyboard.hu\\\/en\\\/product\\\/money-board-tabla-feher-40-cm\\\/#breadcrumb\",\"itemListElement\":[{\"@type\":\"ListItem\",\"position\":1,\"name\":\"Kezd\u0151lap\",\"item\":\"https:\\\/\\\/www.moneyboard.hu\\\/\"},{\"@type\":\"ListItem\",\"position\":2,\"name\":\"Term\u00e9keink\",\"item\":\"https:\\\/\\\/www.moneyboard.hu\\\/termekeink\\\/\"},{\"@type\":\"ListItem\",\"position\":3,\"name\":\"Money Board feh\u00e9r 40 cm\"}]},{\"@type\":\"WebSite\",\"@id\":\"https:\\\/\\\/www.moneyboard.hu\\\/#website\",\"url\":\"https:\\\/\\\/www.moneyboard.hu\\\/\",\"name\":\"moneyboard\",\"description\":\"MoneyBoard mel\u00edrt\u00e1bla\",\"publisher\":{\"@id\":\"https:\\\/\\\/www.moneyboard.hu\\\/#organization\"},\"potentialAction\":[{\"@type\":\"SearchAction\",\"target\":{\"@type\":\"EntryPoint\",\"urlTemplate\":\"https:\\\/\\\/www.moneyboard.hu\\\/?s={search_term_string}\"},\"query-input\":{\"@type\":\"PropertyValueSpecification\",\"valueRequired\":true,\"valueName\":\"search_term_string\"}}],\"inLanguage\":\"en-GB\"},{\"@type\":\"Organization\",\"@id\":\"https:\\\/\\\/www.moneyboard.hu\\\/#organization\",\"name\":\"moneyboard\",\"url\":\"https:\\\/\\\/www.moneyboard.hu\\\/\",\"logo\":{\"@type\":\"ImageObject\",\"inLanguage\":\"en-GB\",\"@id\":\"https:\\\/\\\/www.moneyboard.hu\\\/#\\\/schema\\\/logo\\\/image\\\/\",\"url\":\"https:\\\/\\\/www.moneyboard.hu\\\/wp-content\\\/uploads\\\/2023\\\/07\\\/logo-1685574156.png\",\"contentUrl\":\"https:\\\/\\\/www.moneyboard.hu\\\/wp-content\\\/uploads\\\/2023\\\/07\\\/logo-1685574156.png\",\"width\":330,\"height\":100,\"caption\":\"moneyboard\"},\"image\":{\"@id\":\"https:\\\/\\\/www.moneyboard.hu\\\/#\\\/schema\\\/logo\\\/image\\\/\"}}]}<\/script>\n<!-- \/ Yoast SEO plugin. -->","yoast_head_json":{"title":"Money Board feh\u00e9r 40 cm - moneyboard","robots":{"index":"index","follow":"follow","max-snippet":"max-snippet:-1","max-image-preview":"max-image-preview:large","max-video-preview":"max-video-preview:-1"},"canonical":"https:\/\/www.moneyboard.hu\/en\/product\/money-board-tabla-feher-40-cm\/","og_locale":"en_GB","og_type":"article","og_title":"Money Board feh\u00e9r 40 cm - moneyboard","og_description":"Igaz\u00e1n letisztult k\u00fcls\u0151m van \u00e9s b\u00e1r \u00e9rz\u00e9kenynek gondoln\u00e1l \u00e9n vagyok az, akivel legkevesebbet kell t\u00f6r\u0151dj. Tiszt\u00edt\u00e1som a legegyszer\u0171bb a testv\u00e9reim k\u00f6z\u00f6tt \u00e9s b\u00e1r nem karcmentes a fel\u00fcletem az apr\u00f3bb s\u00e9r\u00fcl\u00e9sek alig l\u00e1that\u00f3ak rajtam. Puha anyaggal ak\u00e1r egy t\u00f6r\u00f6lk\u00f6z\u0151vel is \u00e1t t\u00f6r\u00f6lhetsz miut\u00e1n megf\u00fcrdett\u00e9l.  Ne haszn\u00e1lj r\u00e1m alkohol tartalm\u00fa ecet vagy ecetsav tartalm\u00fa, s\u0151t semmilyen mar\u00f3 hat\u00e1s\u00fa tiszt\u00edt\u00f3 szert. A log\u00f3mra vigy\u00e1zz ott elsz\u00ednez\u0151dhetek, ha teltebb sz\u00ednekkel dolgozol f\u00f3lia n\u00e9lk\u00fcl.  Fel\u00fcletem term\u00e9szete miatt nagyobb ig\u00e9nyem van a megfelel\u0151 tiszt\u00edt\u00e1sra. B\u00e1r a fel\u00fcletem nem karcmentes m\u00e9gis sok\u00e1ig sz\u00e9p maradok, ha vigy\u00e1zol r\u00e1m. Ha teljesen szennyez\u0151d\u00e9s \u00e9s maszat mentesen szeretn\u00e9l l\u00e1tni haszn\u00e1lj hozz\u00e1m antisztatikus kend\u0151t miut\u00e1n megf\u00fcrdett\u00e9l. Ne haszn\u00e1lj r\u00e1m alkohol tartalm\u00fa ecet vagy ecetsav tartalm\u00fa, s\u0151t semmilyen mar\u00f3 hat\u00e1s\u00fa tiszt\u00edt\u00f3 szert. A log\u00f3mra vigy\u00e1zz mert elsz\u00ednez\u0151dhet, ha teltebb sz\u00ednekkel dolgozol f\u00f3lia n\u00e9lk\u00fcl.  -min\u0151s\u00edtett plexi (PMMA)  -fel\u00fclm\u00falhatatlan \u00f6reged\u00e9s \u00e1ll\u00f3s\u00e1ggal  -t\u00f6r\u00e9s \u00e1ll\u00f3s\u00e1ga j\u00f3  -nem karcmentes fel\u00fclet  -0% UV f\u00e9ny\u00e1tereszt\u0151  -maxim\u00e1lis alkalmaz\u00e1si h\u0151m\u00e9rs\u00e9klet 70\u00b0C  -2mm vastag, 12 cm sz\u00e9les","og_url":"https:\/\/www.moneyboard.hu\/en\/product\/money-board-tabla-feher-40-cm\/","og_site_name":"moneyboard","article_modified_time":"2023-07-31T13:09:23+00:00","og_image":[{"width":731,"height":1024,"url":"https:\/\/www.moneyboard.hu\/wp-content\/uploads\/2023\/07\/IMG_8501-731x1024.png","type":"image\/png"}],"twitter_card":"summary_large_image","schema":{"@context":"https:\/\/schema.org","@graph":[{"@type":"WebPage","@id":"https:\/\/www.moneyboard.hu\/en\/product\/money-board-tabla-feher-40-cm\/","url":"https:\/\/www.moneyboard.hu\/en\/product\/money-board-tabla-feher-40-cm\/","name":"Money Board feh\u00e9r 40 cm - moneyboard","isPartOf":{"@id":"https:\/\/www.moneyboard.hu\/#website"},"primaryImageOfPage":{"@id":"https:\/\/www.moneyboard.hu\/en\/product\/money-board-tabla-feher-40-cm\/#primaryimage"},"image":{"@id":"https:\/\/www.moneyboard.hu\/en\/product\/money-board-tabla-feher-40-cm\/#primaryimage"},"thumbnailUrl":"https:\/\/www.moneyboard.hu\/wp-content\/uploads\/2023\/07\/IMG_8501.png","datePublished":"2023-07-26T17:15:12+00:00","dateModified":"2023-07-31T13:09:23+00:00","breadcrumb":{"@id":"https:\/\/www.moneyboard.hu\/en\/product\/money-board-tabla-feher-40-cm\/#breadcrumb"},"inLanguage":"en-GB","potentialAction":[{"@type":"ReadAction","target":["https:\/\/www.moneyboard.hu\/en\/product\/money-board-tabla-feher-40-cm\/"]}]},{"@type":"ImageObject","inLanguage":"en-GB","@id":"https:\/\/www.moneyboard.hu\/en\/product\/money-board-tabla-feher-40-cm\/#primaryimage","url":"https:\/\/www.moneyboard.hu\/wp-content\/uploads\/2023\/07\/IMG_8501.png","contentUrl":"https:\/\/www.moneyboard.hu\/wp-content\/uploads\/2023\/07\/IMG_8501.png","width":2500,"height":3500},{"@type":"BreadcrumbList","@id":"https:\/\/www.moneyboard.hu\/en\/product\/money-board-tabla-feher-40-cm\/#breadcrumb","itemListElement":[{"@type":"ListItem","position":1,"name":"Kezd\u0151lap","item":"https:\/\/www.moneyboard.hu\/"},{"@type":"ListItem","position":2,"name":"Term\u00e9keink","item":"https:\/\/www.moneyboard.hu\/termekeink\/"},{"@type":"ListItem","position":3,"name":"Money Board feh\u00e9r 40 cm"}]},{"@type":"WebSite","@id":"https:\/\/www.moneyboard.hu\/#website","url":"https:\/\/www.moneyboard.hu\/","name":"moneyboard","description":"MoneyBoard mel\u00edrt\u00e1bla","publisher":{"@id":"https:\/\/www.moneyboard.hu\/#organization"},"potentialAction":[{"@type":"SearchAction","target":{"@type":"EntryPoint","urlTemplate":"https:\/\/www.moneyboard.hu\/?s={search_term_string}"},"query-input":{"@type":"PropertyValueSpecification","valueRequired":true,"valueName":"search_term_string"}}],"inLanguage":"en-GB"},{"@type":"Organization","@id":"https:\/\/www.moneyboard.hu\/#organization","name":"moneyboard","url":"https:\/\/www.moneyboard.hu\/","logo":{"@type":"ImageObject","inLanguage":"en-GB","@id":"https:\/\/www.moneyboard.hu\/#\/schema\/logo\/image\/","url":"https:\/\/www.moneyboard.hu\/wp-content\/uploads\/2023\/07\/logo-1685574156.png","contentUrl":"https:\/\/www.moneyboard.hu\/wp-content\/uploads\/2023\/07\/logo-1685574156.png","width":330,"height":100,"caption":"moneyboard"},"image":{"@id":"https:\/\/www.moneyboard.hu\/#\/schema\/logo\/image\/"}}]}},"_links":{"self":[{"href":"https:\/\/www.moneyboard.hu\/en\/wp-json\/wp\/v2\/product\/129","targetHints":{"allow":["GET"]}}],"collection":[{"href":"https:\/\/www.moneyboard.hu\/en\/wp-json\/wp\/v2\/product"}],"about":[{"href":"https:\/\/www.moneyboard.hu\/en\/wp-json\/wp\/v2\/types\/product"}],"wp:featuredmedia":[{"embeddable":true,"href":"https:\/\/www.moneyboard.hu\/en\/wp-json\/wp\/v2\/media\/127"}],"wp:attachment":[{"href":"https:\/\/www.moneyboard.hu\/en\/wp-json\/wp\/v2\/media?parent=129"}],"wp:term":[{"taxonomy":"product_brand","embeddable":true,"href":"https:\/\/www.moneyboard.hu\/en\/wp-json\/wp\/v2\/product_brand?post=129"},{"taxonomy":"product_cat","embeddable":true,"href":"https:\/\/www.moneyboard.hu\/en\/wp-json\/wp\/v2\/product_cat?post=129"},{"taxonomy":"product_tag","embeddable":true,"href":"https:\/\/www.moneyboard.hu\/en\/wp-json\/wp\/v2\/product_tag?post=129"}],"curies":[{"name":"wp","href":"https:\/\/api.w.org\/{rel}","templated":true}]}}