{"id":307,"date":"2023-07-27T13:44:36","date_gmt":"2023-07-27T11:44:36","guid":{"rendered":"https:\/\/www.moneyboard.hu\/?page_id=307"},"modified":"2023-07-27T13:46:51","modified_gmt":"2023-07-27T11:46:51","slug":"foliak","status":"publish","type":"page","link":"https:\/\/www.moneyboard.hu\/en\/foliak\/","title":{"rendered":"Foils"},"content":{"rendered":"<div data-elementor-type=\"wp-page\" data-elementor-id=\"307\" class=\"elementor elementor-307\" data-elementor-post-type=\"page\">\n\t\t\t\t\t\t<section class=\"elementor-section elementor-top-section elementor-element elementor-element-48d0342e elementor-section-boxed elementor-section-height-default elementor-section-height-default\" data-id=\"48d0342e\" data-element_type=\"section\" data-e-type=\"section\" data-settings=\"{&quot;background_background&quot;:&quot;classic&quot;}\">\n\t\t\t\t\t\t\t<div class=\"elementor-background-overlay\"><\/div>\n\t\t\t\t\t\t\t<div class=\"elementor-container elementor-column-gap-default\">\n\t\t\t\t\t<div class=\"elementor-column elementor-col-100 elementor-top-column elementor-element elementor-element-11c54fce\" data-id=\"11c54fce\" data-element_type=\"column\" data-e-type=\"column\">\n\t\t\t<div class=\"elementor-widget-wrap elementor-element-populated\">\n\t\t\t\t\t\t<div class=\"elementor-element elementor-element-28abfee6 elementor-widget elementor-widget-heading\" data-id=\"28abfee6\" data-element_type=\"widget\" data-e-type=\"widget\" data-widget_type=\"heading.default\">\n\t\t\t\t<div class=\"elementor-widget-container\">\n\t\t\t\t\t<h2 class=\"elementor-heading-title elementor-size-default\">Foils<\/h2>\t\t\t\t<\/div>\n\t\t\t\t<\/div>\n\t\t\t\t\t<\/div>\n\t\t<\/div>\n\t\t\t\t\t<\/div>\n\t\t<\/section>\n\t\t\t\t<section class=\"elementor-section elementor-top-section elementor-element elementor-element-f1565bc elementor-section-boxed elementor-section-height-default elementor-section-height-default\" data-id=\"f1565bc\" data-element_type=\"section\" data-e-type=\"section\">\n\t\t\t\t\t\t<div class=\"elementor-container elementor-column-gap-default\">\n\t\t\t\t\t<div class=\"elementor-column elementor-col-100 elementor-top-column elementor-element elementor-element-2fb0506\" data-id=\"2fb0506\" data-element_type=\"column\" data-e-type=\"column\">\n\t\t\t<div class=\"elementor-widget-wrap elementor-element-populated\">\n\t\t\t\t\t\t<div class=\"elementor-element elementor-element-0a868d9 elementor-widget elementor-widget-image\" data-id=\"0a868d9\" data-element_type=\"widget\" data-e-type=\"widget\" data-widget_type=\"image.default\">\n\t\t\t\t<div class=\"elementor-widget-container\">\n\t\t\t\t\t\t\t\t\t\t\t\t\t\t\t<img fetchpriority=\"high\" decoding=\"async\" width=\"1024\" height=\"576\" src=\"https:\/\/www.moneyboard.hu\/wp-content\/uploads\/2023\/07\/344300614_556547403059632_6052841581370332592_n-1024x576.jpg\" class=\"attachment-large size-large wp-image-303\" alt=\"\" srcset=\"https:\/\/www.moneyboard.hu\/wp-content\/uploads\/2023\/07\/344300614_556547403059632_6052841581370332592_n-1024x576.jpg 1024w, https:\/\/www.moneyboard.hu\/wp-content\/uploads\/2023\/07\/344300614_556547403059632_6052841581370332592_n-300x169.jpg 300w, https:\/\/www.moneyboard.hu\/wp-content\/uploads\/2023\/07\/344300614_556547403059632_6052841581370332592_n-768x432.jpg 768w, https:\/\/www.moneyboard.hu\/wp-content\/uploads\/2023\/07\/344300614_556547403059632_6052841581370332592_n-1536x864.jpg 1536w, https:\/\/www.moneyboard.hu\/wp-content\/uploads\/2023\/07\/344300614_556547403059632_6052841581370332592_n-700x394.jpg 700w, https:\/\/www.moneyboard.hu\/wp-content\/uploads\/2023\/07\/344300614_556547403059632_6052841581370332592_n.jpg 1920w\" sizes=\"(max-width: 1024px) 100vw, 1024px\" \/>\t\t\t\t\t\t\t\t\t\t\t\t\t\t\t<\/div>\n\t\t\t\t<\/div>\n\t\t\t\t<div class=\"elementor-element elementor-element-f663e48 elementor-widget elementor-widget-heading\" data-id=\"f663e48\" data-element_type=\"widget\" data-e-type=\"widget\" data-widget_type=\"heading.default\">\n\t\t\t\t<div class=\"elementor-widget-container\">\n\t\t\t\t\t<h2 class=\"elementor-heading-title elementor-size-default\">Soon<\/h2>\t\t\t\t<\/div>\n\t\t\t\t<\/div>\n\t\t\t\t\t<\/div>\n\t\t<\/div>\n\t\t\t\t\t<\/div>\n\t\t<\/section>\n\t\t\t\t<\/div>","protected":false},"excerpt":{"rendered":"<p>F\u00f3li\u00e1k HAMAROSAN<\/p>","protected":false},"author":1,"featured_media":0,"parent":0,"menu_order":0,"comment_status":"closed","ping_status":"closed","template":"","meta":{"om_disable_all_campaigns":false,"_monsterinsights_skip_tracking":false,"_monsterinsights_sitenote_active":false,"_monsterinsights_sitenote_note":"","_monsterinsights_sitenote_category":0,"_uf_show_specific_survey":0,"_uf_disable_surveys":false,"site-sidebar-layout":"no-sidebar","site-content-layout":"page-builder","ast-site-content-layout":"default","site-content-style":"default","site-sidebar-style":"default","ast-global-header-display":"","ast-banner-title-visibility":"","ast-main-header-display":"","ast-hfb-above-header-display":"","ast-hfb-below-header-display":"","ast-hfb-mobile-header-display":"","site-post-title":"disabled","ast-breadcrumbs-content":"","ast-featured-img":"disabled","footer-sml-layout":"","ast-disable-related-posts":"","theme-transparent-header-meta":"","adv-header-id-meta":"","stick-header-meta":"","header-above-stick-meta":"","header-main-stick-meta":"","header-below-stick-meta":"","astra-migrate-meta-layouts":"default","ast-page-background-enabled":"default","ast-page-background-meta":{"desktop":{"background-color":"var(--ast-global-color-4)","background-image":"","background-repeat":"repeat","background-position":"center center","background-size":"auto","background-attachment":"scroll","background-type":"","background-media":"","overlay-type":"","overlay-color":"","overlay-opacity":"","overlay-gradient":""},"tablet":{"background-color":"","background-image":"","background-repeat":"repeat","background-position":"center center","background-size":"auto","background-attachment":"scroll","background-type":"","background-media":"","overlay-type":"","overlay-color":"","overlay-opacity":"","overlay-gradient":""},"mobile":{"background-color":"","background-image":"","background-repeat":"repeat","background-position":"center center","background-size":"auto","background-attachment":"scroll","background-type":"","background-media":"","overlay-type":"","overlay-color":"","overlay-opacity":"","overlay-gradient":""}},"ast-content-background-meta":{"desktop":{"background-color":"var(--ast-global-color-5)","background-image":"","background-repeat":"repeat","background-position":"center center","background-size":"auto","background-attachment":"scroll","background-type":"","background-media":"","overlay-type":"","overlay-color":"","overlay-opacity":"","overlay-gradient":""},"tablet":{"background-color":"var(--ast-global-color-5)","background-image":"","background-repeat":"repeat","background-position":"center center","background-size":"auto","background-attachment":"scroll","background-type":"","background-media":"","overlay-type":"","overlay-color":"","overlay-opacity":"","overlay-gradient":""},"mobile":{"background-color":"var(--ast-global-color-5)","background-image":"","background-repeat":"repeat","background-position":"center center","background-size":"auto","background-attachment":"scroll","background-type":"","background-media":"","overlay-type":"","overlay-color":"","overlay-opacity":"","overlay-gradient":""}},"footnotes":""},"class_list":["post-307","page","type-page","status-publish","hentry"],"yoast_head":"<!-- This site is optimized with the Yoast SEO plugin v27.4 - https:\/\/yoast.com\/product\/yoast-seo-wordpress\/ -->\n<title>F\u00f3li\u00e1k - moneyboard<\/title>\n<meta name=\"robots\" content=\"index, follow, max-snippet:-1, max-image-preview:large, max-video-preview:-1\" \/>\n<link rel=\"canonical\" href=\"https:\/\/www.moneyboard.hu\/en\/foliak\/\" \/>\n<meta property=\"og:locale\" content=\"en_GB\" \/>\n<meta property=\"og:type\" content=\"article\" \/>\n<meta property=\"og:title\" content=\"F\u00f3li\u00e1k - moneyboard\" \/>\n<meta property=\"og:description\" content=\"F\u00f3li\u00e1k HAMAROSAN\" \/>\n<meta property=\"og:url\" content=\"https:\/\/www.moneyboard.hu\/en\/foliak\/\" \/>\n<meta property=\"og:site_name\" content=\"moneyboard\" \/>\n<meta property=\"article:modified_time\" content=\"2023-07-27T11:46:51+00:00\" \/>\n<meta property=\"og:image\" content=\"https:\/\/www.moneyboard.hu\/wp-content\/uploads\/2023\/07\/344300614_556547403059632_6052841581370332592_n-1024x576.jpg\" \/>\n<meta name=\"twitter:card\" content=\"summary_large_image\" \/>\n<script type=\"application\/ld+json\" class=\"yoast-schema-graph\">{\"@context\":\"https:\\\/\\\/schema.org\",\"@graph\":[{\"@type\":\"WebPage\",\"@id\":\"https:\\\/\\\/www.moneyboard.hu\\\/foliak\\\/\",\"url\":\"https:\\\/\\\/www.moneyboard.hu\\\/foliak\\\/\",\"name\":\"F\u00f3li\u00e1k - moneyboard\",\"isPartOf\":{\"@id\":\"https:\\\/\\\/www.moneyboard.hu\\\/#website\"},\"primaryImageOfPage\":{\"@id\":\"https:\\\/\\\/www.moneyboard.hu\\\/foliak\\\/#primaryimage\"},\"image\":{\"@id\":\"https:\\\/\\\/www.moneyboard.hu\\\/foliak\\\/#primaryimage\"},\"thumbnailUrl\":\"https:\\\/\\\/www.moneyboard.hu\\\/wp-content\\\/uploads\\\/2023\\\/07\\\/344300614_556547403059632_6052841581370332592_n-1024x576.jpg\",\"datePublished\":\"2023-07-27T11:44:36+00:00\",\"dateModified\":\"2023-07-27T11:46:51+00:00\",\"breadcrumb\":{\"@id\":\"https:\\\/\\\/www.moneyboard.hu\\\/foliak\\\/#breadcrumb\"},\"inLanguage\":\"en-GB\",\"potentialAction\":[{\"@type\":\"ReadAction\",\"target\":[\"https:\\\/\\\/www.moneyboard.hu\\\/foliak\\\/\"]}]},{\"@type\":\"ImageObject\",\"inLanguage\":\"en-GB\",\"@id\":\"https:\\\/\\\/www.moneyboard.hu\\\/foliak\\\/#primaryimage\",\"url\":\"https:\\\/\\\/www.moneyboard.hu\\\/wp-content\\\/uploads\\\/2023\\\/07\\\/344300614_556547403059632_6052841581370332592_n-1024x576.jpg\",\"contentUrl\":\"https:\\\/\\\/www.moneyboard.hu\\\/wp-content\\\/uploads\\\/2023\\\/07\\\/344300614_556547403059632_6052841581370332592_n-1024x576.jpg\"},{\"@type\":\"BreadcrumbList\",\"@id\":\"https:\\\/\\\/www.moneyboard.hu\\\/foliak\\\/#breadcrumb\",\"itemListElement\":[{\"@type\":\"ListItem\",\"position\":1,\"name\":\"Kezd\u0151lap\",\"item\":\"https:\\\/\\\/www.moneyboard.hu\\\/\"},{\"@type\":\"ListItem\",\"position\":2,\"name\":\"F\u00f3li\u00e1k\"}]},{\"@type\":\"WebSite\",\"@id\":\"https:\\\/\\\/www.moneyboard.hu\\\/#website\",\"url\":\"https:\\\/\\\/www.moneyboard.hu\\\/\",\"name\":\"moneyboard\",\"description\":\"MoneyBoard mel\u00edrt\u00e1bla\",\"publisher\":{\"@id\":\"https:\\\/\\\/www.moneyboard.hu\\\/#organization\"},\"potentialAction\":[{\"@type\":\"SearchAction\",\"target\":{\"@type\":\"EntryPoint\",\"urlTemplate\":\"https:\\\/\\\/www.moneyboard.hu\\\/?s={search_term_string}\"},\"query-input\":{\"@type\":\"PropertyValueSpecification\",\"valueRequired\":true,\"valueName\":\"search_term_string\"}}],\"inLanguage\":\"en-GB\"},{\"@type\":\"Organization\",\"@id\":\"https:\\\/\\\/www.moneyboard.hu\\\/#organization\",\"name\":\"moneyboard\",\"url\":\"https:\\\/\\\/www.moneyboard.hu\\\/\",\"logo\":{\"@type\":\"ImageObject\",\"inLanguage\":\"en-GB\",\"@id\":\"https:\\\/\\\/www.moneyboard.hu\\\/#\\\/schema\\\/logo\\\/image\\\/\",\"url\":\"https:\\\/\\\/www.moneyboard.hu\\\/wp-content\\\/uploads\\\/2023\\\/07\\\/logo-1685574156.png\",\"contentUrl\":\"https:\\\/\\\/www.moneyboard.hu\\\/wp-content\\\/uploads\\\/2023\\\/07\\\/logo-1685574156.png\",\"width\":330,\"height\":100,\"caption\":\"moneyboard\"},\"image\":{\"@id\":\"https:\\\/\\\/www.moneyboard.hu\\\/#\\\/schema\\\/logo\\\/image\\\/\"}}]}<\/script>\n<!-- \/ Yoast SEO plugin. -->","yoast_head_json":{"title":"F\u00f3li\u00e1k - moneyboard","robots":{"index":"index","follow":"follow","max-snippet":"max-snippet:-1","max-image-preview":"max-image-preview:large","max-video-preview":"max-video-preview:-1"},"canonical":"https:\/\/www.moneyboard.hu\/en\/foliak\/","og_locale":"en_GB","og_type":"article","og_title":"F\u00f3li\u00e1k - moneyboard","og_description":"F\u00f3li\u00e1k HAMAROSAN","og_url":"https:\/\/www.moneyboard.hu\/en\/foliak\/","og_site_name":"moneyboard","article_modified_time":"2023-07-27T11:46:51+00:00","og_image":[{"url":"https:\/\/www.moneyboard.hu\/wp-content\/uploads\/2023\/07\/344300614_556547403059632_6052841581370332592_n-1024x576.jpg","type":"","width":"","height":""}],"twitter_card":"summary_large_image","schema":{"@context":"https:\/\/schema.org","@graph":[{"@type":"WebPage","@id":"https:\/\/www.moneyboard.hu\/foliak\/","url":"https:\/\/www.moneyboard.hu\/foliak\/","name":"F\u00f3li\u00e1k - moneyboard","isPartOf":{"@id":"https:\/\/www.moneyboard.hu\/#website"},"primaryImageOfPage":{"@id":"https:\/\/www.moneyboard.hu\/foliak\/#primaryimage"},"image":{"@id":"https:\/\/www.moneyboard.hu\/foliak\/#primaryimage"},"thumbnailUrl":"https:\/\/www.moneyboard.hu\/wp-content\/uploads\/2023\/07\/344300614_556547403059632_6052841581370332592_n-1024x576.jpg","datePublished":"2023-07-27T11:44:36+00:00","dateModified":"2023-07-27T11:46:51+00:00","breadcrumb":{"@id":"https:\/\/www.moneyboard.hu\/foliak\/#breadcrumb"},"inLanguage":"en-GB","potentialAction":[{"@type":"ReadAction","target":["https:\/\/www.moneyboard.hu\/foliak\/"]}]},{"@type":"ImageObject","inLanguage":"en-GB","@id":"https:\/\/www.moneyboard.hu\/foliak\/#primaryimage","url":"https:\/\/www.moneyboard.hu\/wp-content\/uploads\/2023\/07\/344300614_556547403059632_6052841581370332592_n-1024x576.jpg","contentUrl":"https:\/\/www.moneyboard.hu\/wp-content\/uploads\/2023\/07\/344300614_556547403059632_6052841581370332592_n-1024x576.jpg"},{"@type":"BreadcrumbList","@id":"https:\/\/www.moneyboard.hu\/foliak\/#breadcrumb","itemListElement":[{"@type":"ListItem","position":1,"name":"Kezd\u0151lap","item":"https:\/\/www.moneyboard.hu\/"},{"@type":"ListItem","position":2,"name":"F\u00f3li\u00e1k"}]},{"@type":"WebSite","@id":"https:\/\/www.moneyboard.hu\/#website","url":"https:\/\/www.moneyboard.hu\/","name":"moneyboard","description":"MoneyBoard mel\u00edrt\u00e1bla","publisher":{"@id":"https:\/\/www.moneyboard.hu\/#organization"},"potentialAction":[{"@type":"SearchAction","target":{"@type":"EntryPoint","urlTemplate":"https:\/\/www.moneyboard.hu\/?s={search_term_string}"},"query-input":{"@type":"PropertyValueSpecification","valueRequired":true,"valueName":"search_term_string"}}],"inLanguage":"en-GB"},{"@type":"Organization","@id":"https:\/\/www.moneyboard.hu\/#organization","name":"moneyboard","url":"https:\/\/www.moneyboard.hu\/","logo":{"@type":"ImageObject","inLanguage":"en-GB","@id":"https:\/\/www.moneyboard.hu\/#\/schema\/logo\/image\/","url":"https:\/\/www.moneyboard.hu\/wp-content\/uploads\/2023\/07\/logo-1685574156.png","contentUrl":"https:\/\/www.moneyboard.hu\/wp-content\/uploads\/2023\/07\/logo-1685574156.png","width":330,"height":100,"caption":"moneyboard"},"image":{"@id":"https:\/\/www.moneyboard.hu\/#\/schema\/logo\/image\/"}}]}},"_links":{"self":[{"href":"https:\/\/www.moneyboard.hu\/en\/wp-json\/wp\/v2\/pages\/307","targetHints":{"allow":["GET"]}}],"collection":[{"href":"https:\/\/www.moneyboard.hu\/en\/wp-json\/wp\/v2\/pages"}],"about":[{"href":"https:\/\/www.moneyboard.hu\/en\/wp-json\/wp\/v2\/types\/page"}],"author":[{"embeddable":true,"href":"https:\/\/www.moneyboard.hu\/en\/wp-json\/wp\/v2\/users\/1"}],"replies":[{"embeddable":true,"href":"https:\/\/www.moneyboard.hu\/en\/wp-json\/wp\/v2\/comments?post=307"}],"version-history":[{"count":7,"href":"https:\/\/www.moneyboard.hu\/en\/wp-json\/wp\/v2\/pages\/307\/revisions"}],"predecessor-version":[{"id":316,"href":"https:\/\/www.moneyboard.hu\/en\/wp-json\/wp\/v2\/pages\/307\/revisions\/316"}],"wp:attachment":[{"href":"https:\/\/www.moneyboard.hu\/en\/wp-json\/wp\/v2\/media?parent=307"}],"curies":[{"name":"wp","href":"https:\/\/api.w.org\/{rel}","templated":true}]}}